{"id":14,"date":"2026-05-01T02:20:28","date_gmt":"2026-05-01T02:20:28","guid":{"rendered":"https:\/\/www.linagranna.com\/?page_id=14"},"modified":"2026-05-01T05:08:01","modified_gmt":"2026-05-01T05:08:01","slug":"catalogo","status":"publish","type":"page","link":"http:\/\/www.linagranna.com\/?page_id=14","title":{"rendered":"Linagranna"},"content":{"rendered":"\n<div class=\"wp-block-group alignfull has-global-padding is-layout-constrained wp-block-group-is-layout-constrained\" style=\"margin-top:0;margin-bottom:0;padding-top:var(--wp--preset--spacing--50);padding-bottom:var(--wp--preset--spacing--50)\">\n<div class=\"wp-block-columns alignwide is-layout-flex wp-container-core-columns-is-layout-47c06fe3 wp-block-columns-is-layout-flex\">\n<div class=\"wp-block-column is-layout-flow wp-block-column-is-layout-flow\" style=\"flex-basis:56%\">\n<figure class=\"wp-block-image size-full is-resized\"><img loading=\"lazy\" decoding=\"async\" width=\"500\" height=\"500\" src=\"https:\/\/www.linagranna.com\/wp-content\/uploads\/2026\/05\/AACF59B4-991F-458D-B84F-87DC98693ED7.png\" alt=\"\" class=\"wp-image-64\" style=\"object-fit:cover;width:380px;height:auto\" srcset=\"http:\/\/www.linagranna.com\/wp-content\/uploads\/2026\/05\/AACF59B4-991F-458D-B84F-87DC98693ED7.png 500w, http:\/\/www.linagranna.com\/wp-content\/uploads\/2026\/05\/AACF59B4-991F-458D-B84F-87DC98693ED7-300x300.png 300w, http:\/\/www.linagranna.com\/wp-content\/uploads\/2026\/05\/AACF59B4-991F-458D-B84F-87DC98693ED7-150x150.png 150w\" sizes=\"auto, (max-width: 500px) 100vw, 500px\" \/><\/figure>\n<\/div>\n\n\n\n<div class=\"wp-block-column is-vertically-aligned-center is-layout-flow wp-container-core-column-is-layout-119bc444 wp-block-column-is-layout-flow\">\n<h2 class=\"wp-block-heading\">Desayunos Sorpresa<\/h2>\n\n\n\n<p>Linagranna nace del amor, el arte y la memoria como una forma de expresi\u00f3n. Su s\u00edmbolo, la mariposa, representa la transformaci\u00f3n y la capacidad de convertir la vida en belleza a trav\u00e9s de la creaci\u00f3n. Cada detalle refleja ese impulso de honrar lo que se ama y dejar memoria en los momentos especiales a trav\u00e9s del arte.<\/p>\n\n\n\n<div class=\"wp-block-buttons is-layout-flex wp-block-buttons-is-layout-flex\">\n<div class=\"wp-block-button\"><a class=\"wp-block-button__link wp-element-button\" href=\"https:\/\/wa.me\/573136875503\">Ordenar por Whatsup<\/a><\/div>\n<\/div>\n<\/div>\n<\/div>\n<\/div>\n\n\n\n<div class=\"wp-block-group alignfull has-global-padding is-layout-constrained wp-block-group-is-layout-constrained\" style=\"margin-top:0;margin-bottom:0;padding-top:var(--wp--preset--spacing--50);padding-bottom:var(--wp--preset--spacing--50)\">\n<div class=\"wp-block-group alignwide is-layout-grid wp-container-core-group-is-layout-840b37f5 wp-block-group-is-layout-grid\">\n<div class=\"wp-block-group is-vertical is-layout-flex wp-container-core-group-is-layout-d6b9ab57 wp-block-group-is-layout-flex\">\n<h2 class=\"wp-block-heading has-x-large-font-size\">Tarjetas en Filigrana<\/h2>\n<\/div>\n\n\n\n<div class=\"wp-block-group is-vertical is-content-justification-stretch is-layout-flex wp-container-core-group-is-layout-353c4f5a wp-block-group-is-layout-flex\">\n<div class=\"wp-block-cover\"><img decoding=\"async\" class=\"wp-block-cover__image-background\" alt=\"Close up of a red anthurium.\" src=\"https:\/\/www.linagranna.com\/wp-content\/themes\/twentytwentyfive\/assets\/images\/category-anthuriums.webp\" data-object-fit=\"cover\"\/><span aria-hidden=\"true\" class=\"wp-block-cover__background has-background-dim-0 has-background-dim\" style=\"background-color:#833d3a\"><\/span><div class=\"wp-block-cover__inner-container has-global-padding is-layout-constrained wp-block-cover-is-layout-constrained\">\n<div style=\"height:var(--wp--preset--spacing--20)\" aria-hidden=\"true\" class=\"wp-block-spacer\"><\/div>\n<\/div><\/div>\n\n\n\n<p class=\"has-text-align-center\">Cumpleanos<\/p>\n<\/div>\n\n\n\n<div class=\"wp-block-group is-vertical is-content-justification-stretch is-layout-flex wp-container-core-group-is-layout-353c4f5a wp-block-group-is-layout-flex\">\n<div class=\"wp-block-cover is-light\"><img decoding=\"async\" class=\"wp-block-cover__image-background\" alt=\"\" src=\"https:\/\/www.linagranna.com\/wp-content\/themes\/twentytwentyfive\/assets\/images\/category-cactus.webp\" data-object-fit=\"cover\"\/><span aria-hidden=\"true\" class=\"wp-block-cover__background has-background-dim-0 has-background-dim\" style=\"background-color:#828282\"><\/span><div class=\"wp-block-cover__inner-container has-global-padding is-layout-constrained wp-block-cover-is-layout-constrained\">\n<div style=\"height:var(--wp--preset--spacing--20)\" aria-hidden=\"true\" class=\"wp-block-spacer\"><\/div>\n<\/div><\/div>\n\n\n\n<p class=\"has-text-align-center\">Amor y Amistad<\/p>\n<\/div>\n\n\n\n<div class=\"wp-block-group is-vertical is-content-justification-stretch is-layout-flex wp-container-core-group-is-layout-353c4f5a wp-block-group-is-layout-flex\">\n<div class=\"wp-block-cover is-light\"><img decoding=\"async\" class=\"wp-block-cover__image-background\" alt=\"\" src=\"https:\/\/www.linagranna.com\/wp-content\/themes\/twentytwentyfive\/assets\/images\/category-sunflowers.webp\" data-object-fit=\"cover\"\/><span aria-hidden=\"true\" class=\"wp-block-cover__background has-background-dim-0 has-background-dim\" style=\"background-color:#d6bc98\"><\/span><div class=\"wp-block-cover__inner-container has-global-padding is-layout-constrained wp-block-cover-is-layout-constrained\">\n<div style=\"height:var(--wp--preset--spacing--20)\" aria-hidden=\"true\" class=\"wp-block-spacer\"><\/div>\n<\/div><\/div>\n\n\n\n<p class=\"has-text-align-center\">Aniversario<\/p>\n<\/div>\n<\/div>\n<\/div>\n\n\n\n<div class=\"wp-block-group alignfull has-global-padding is-layout-constrained wp-block-group-is-layout-constrained\" style=\"margin-top:0;margin-bottom:0;padding-top:var(--wp--preset--spacing--50);padding-bottom:var(--wp--preset--spacing--50)\">\n<div class=\"wp-block-group alignwide is-layout-grid wp-container-core-group-is-layout-21f393a4 wp-block-group-is-layout-grid\">\n<div class=\"wp-block-group is-style-section-3 has-global-padding is-layout-constrained wp-block-group-is-layout-constrained is-style-section-3--1\" style=\"min-height:297px\">\n<div class=\"wp-block-group is-vertical is-content-justification-center is-layout-flex wp-container-core-group-is-layout-4aa192bb wp-block-group-is-layout-flex\" style=\"min-height:100%\">\n<h2 class=\"wp-block-heading has-large-font-size\">Instagram<\/h2>\n\n\n\n<p class=\"has-text-align-center has-medium-font-size\"><a href=\"https:\/\/www.instagram.com\/linagranna\/\">@linagranna<\/a><\/p>\n<\/div>\n<\/div>\n\n\n\n<figure class=\"wp-block-image size-full\"><img decoding=\"async\" src=\"https:\/\/www.linagranna.com\/wp-content\/themes\/twentytwentyfive\/assets\/images\/flower-meadow-square.webp\" alt=\"Photo of a field full of flowers, a blue sky and a tree.\" style=\"aspect-ratio:1;object-fit:cover\"\/><\/figure>\n\n\n\n<figure class=\"wp-block-image size-full\"><img decoding=\"async\" src=\"https:\/\/www.linagranna.com\/wp-content\/themes\/twentytwentyfive\/assets\/images\/vash-gon-square.webp\" alt=\"Profile portrait of a native person.\" style=\"aspect-ratio:1;object-fit:cover\"\/><\/figure>\n\n\n\n<figure class=\"wp-block-image size-full\"><img decoding=\"async\" src=\"https:\/\/www.linagranna.com\/wp-content\/themes\/twentytwentyfive\/assets\/images\/coral-square.webp\" alt=\"View of the deep ocean.\" style=\"aspect-ratio:1;object-fit:cover\"\/><\/figure>\n\n\n\n<figure class=\"wp-block-image size-full\"><img decoding=\"async\" src=\"https:\/\/www.linagranna.com\/wp-content\/themes\/twentytwentyfive\/assets\/images\/agenda-img-4.webp\" alt=\"Portrait of an African Woman dressed in traditional costume, wearing decorative jewelry.\" style=\"aspect-ratio:1;object-fit:cover\"\/><\/figure>\n\n\n\n<figure class=\"wp-block-image size-full\"><img decoding=\"async\" src=\"https:\/\/www.linagranna.com\/wp-content\/themes\/twentytwentyfive\/assets\/images\/parthenon-square.webp\" alt=\"The Acropolis of Athens.\" style=\"aspect-ratio:1;object-fit:cover\"\/><\/figure>\n\n\n\n<figure class=\"wp-block-image size-full\"><img decoding=\"async\" src=\"https:\/\/www.linagranna.com\/wp-content\/themes\/twentytwentyfive\/assets\/images\/dallas-creek-square.webp\" alt=\"Close up of two flowers on a dark background.\" style=\"aspect-ratio:1;object-fit:cover\"\/><\/figure>\n\n\n\n<figure class=\"wp-block-image size-full\"><img decoding=\"async\" src=\"https:\/\/www.linagranna.com\/wp-content\/themes\/twentytwentyfive\/assets\/images\/marshland-birds-square.webp\" alt=\"Birds on a lake.\" style=\"aspect-ratio:1;object-fit:cover\"\/><\/figure>\n<\/div>\n<\/div>\n","protected":false},"excerpt":{"rendered":"<p>Desayunos Sorpresa Linagranna nace del amor, el arte y la memoria como una forma de expresi\u00f3n. Su s\u00edmbolo, la mariposa, representa la transformaci\u00f3n y la capacidad de convertir la vida en belleza a trav\u00e9s de la creaci\u00f3n. Cada detalle refleja ese impulso de honrar lo que se ama y dejar memoria en los momentos especiales [&hellip;]<\/p>\n","protected":false},"author":1,"featured_media":0,"parent":0,"menu_order":0,"comment_status":"closed","ping_status":"closed","template":"","meta":{"footnotes":""},"class_list":["post-14","page","type-page","status-publish","hentry"],"_links":{"self":[{"href":"http:\/\/www.linagranna.com\/index.php?rest_route=\/wp\/v2\/pages\/14","targetHints":{"allow":["GET"]}}],"collection":[{"href":"http:\/\/www.linagranna.com\/index.php?rest_route=\/wp\/v2\/pages"}],"about":[{"href":"http:\/\/www.linagranna.com\/index.php?rest_route=\/wp\/v2\/types\/page"}],"author":[{"embeddable":true,"href":"http:\/\/www.linagranna.com\/index.php?rest_route=\/wp\/v2\/users\/1"}],"replies":[{"embeddable":true,"href":"http:\/\/www.linagranna.com\/index.php?rest_route=%2Fwp%2Fv2%2Fcomments&post=14"}],"version-history":[{"count":7,"href":"http:\/\/www.linagranna.com\/index.php?rest_route=\/wp\/v2\/pages\/14\/revisions"}],"predecessor-version":[{"id":66,"href":"http:\/\/www.linagranna.com\/index.php?rest_route=\/wp\/v2\/pages\/14\/revisions\/66"}],"wp:attachment":[{"href":"http:\/\/www.linagranna.com\/index.php?rest_route=%2Fwp%2Fv2%2Fmedia&parent=14"}],"curies":[{"name":"wp","href":"https:\/\/api.w.org\/{rel}","templated":true}]}}